{"id":1094,"date":"2025-05-15T22:39:23","date_gmt":"2025-05-15T22:39:23","guid":{"rendered":"https:\/\/ganeshayoga.es\/?page_id=1094"},"modified":"2025-05-15T22:39:23","modified_gmt":"2025-05-15T22:39:23","slug":"cookies","status":"publish","type":"page","link":"https:\/\/ganeshayoga.es\/en\/cookies\/","title":{"rendered":"Cookies"},"content":{"rendered":"<h2 class=\"wp-block-heading\">\u00bfQu\u00e9 son las cookies?<\/h2>\n\n\n\n<p>Esta Pol\u00edtica de cookies explica qu\u00e9 son las cookies, c\u00f3mo las usamos, los tipos de cookies que empleamos, la informaci\u00f3n que recopilamos mediante ellas, c\u00f3mo usamos esa informaci\u00f3n y c\u00f3mo puedes administrar la configuraci\u00f3n de las cookies.<\/p>\n\n\n\n<p>Las cookies son peque\u00f1os archivos de texto que se almacenan en tu dispositivo cuando cargas un sitio web en tu navegador. Estas cookies nos ayudan a que el sitio funcione correctamente, hacerlo m\u00e1s seguro, ofrecer una mejor experiencia de usuario y entender c\u00f3mo se usa el sitio, adem\u00e1s de analizar qu\u00e9 funciona y qu\u00e9 se puede mejorar.<\/p>\n\n\n\n<hr class=\"wp-block-separator has-alpha-channel-opacity\"\/>\n\n\n\n<h2 class=\"wp-block-heading\">\u00bfC\u00f3mo usamos las cookies?<\/h2>\n\n\n\n<p>Al igual que la mayor\u00eda de los servicios en l\u00ednea, nuestro sitio utiliza cookies propias y de terceros para distintos prop\u00f3sitos. Las cookies propias son esenciales para que el sitio web funcione correctamente y no recopilan datos personales que te identifiquen.<\/p>\n\n\n\n<p>Las cookies de terceros se emplean principalmente para entender c\u00f3mo funciona el sitio, c\u00f3mo interact\u00faas con \u00e9l, mantener la seguridad de los servicios, ofrecer anuncios relevantes y mejorar tu experiencia, adem\u00e1s de acelerar futuras interacciones con el sitio web.<\/p>\n\n\n\n<hr class=\"wp-block-separator has-alpha-channel-opacity\"\/>\n\n\n\n<h2 class=\"wp-block-heading\">Cookies necesarias<\/h2>\n\n\n\n<p>Las cookies necesarias son imprescindibles para las funciones b\u00e1sicas del sitio y sin ellas, el sitio no funcionar\u00eda como se espera. Estas cookies no almacenan informaci\u00f3n personal identificable.<\/p>\n\n\n\n<p>Algunos ejemplos incluyen cookies que permiten mostrar correctamente emojis o recordar tus preferencias de consentimiento para que no tengas que configurarlas cada vez que visites el sitio.<\/p>\n\n\n\n<hr class=\"wp-block-separator has-alpha-channel-opacity\"\/>\n\n\n\n<h2 class=\"wp-block-heading\">Cookies anal\u00edticas<\/h2>\n\n\n\n<p>Las cookies anal\u00edticas se utilizan para comprender c\u00f3mo los visitantes interact\u00faan con el sitio web. Nos ayudan a obtener datos sobre el n\u00famero de visitantes, porcentaje de rebote, fuentes de tr\u00e1fico, entre otros.<\/p>\n\n\n\n<p>Estas cookies recopilan informaci\u00f3n de forma an\u00f3nima y permiten generar informes para mejorar el funcionamiento del sitio y la experiencia de los usuarios.<\/p>\n\n\n\n<hr class=\"wp-block-separator has-alpha-channel-opacity\"\/>\n\n\n\n<h2 class=\"wp-block-heading\">C\u00f3mo administrar tus preferencias de cookies<\/h2>\n\n\n\n<p>Puedes modificar tus preferencias de cookies en cualquier momento haciendo clic en el bot\u00f3n correspondiente para acceder al banner de consentimiento y cambiar o retirar tu consentimiento de forma inmediata.<\/p>\n\n\n\n<p>Adem\u00e1s, los principales navegadores web ofrecen opciones para bloquear o eliminar cookies. A continuaci\u00f3n, te dejamos enlaces de soporte para gestionar las cookies en los navegadores m\u00e1s usados:<\/p>\n\n\n\n<ul class=\"wp-block-list\">\n<li><strong>Google Chrome:<\/strong> <a class=\"\" href=\"https:\/\/support.google.com\/accounts\/answer\/32050\" target=\"_blank\" rel=\"noopener\">https:\/\/support.google.com\/accounts\/answer\/32050<\/a><\/li>\n\n\n\n<li><strong>Safari:<\/strong> <a class=\"\" href=\"https:\/\/support.apple.com\/en-in\/guide\/safari\/sfri11471\/mac\" target=\"_blank\" rel=\"noopener\">https:\/\/support.apple.com\/en-in\/guide\/safari\/sfri11471\/mac<\/a><\/li>\n\n\n\n<li><strong>Firefox:<\/strong> <a class=\"\" href=\"https:\/\/support.mozilla.org\/en-US\/kb\/clear-cookies-and-site-data-firefox?redirectslug=delete-cookies-remove-info-websites-stored&amp;redirectlocale=en-US\" target=\"_blank\" rel=\"noopener\">https:\/\/support.mozilla.org\/en-US\/kb\/clear-cookies-and-site-data-firefox?redirectslug=delete-cookies-remove-info-websites-stored&amp;redirectlocale=en-US<\/a><\/li>\n\n\n\n<li><strong>Internet Explorer:<\/strong> <a class=\"\" href=\"https:\/\/support.microsoft.com\/en-us\/topic\/how-to-delete-cookie-files-in-internet-explorer-bca9446f-d873-78de-77ba-d42645fa52fc\" target=\"_blank\" rel=\"noopener\">https:\/\/support.microsoft.com\/en-us\/topic\/how-to-delete-cookie-files-in-internet-explorer-bca9446f-d873-78de-77ba-d42645fa52fc<\/a><\/li>\n<\/ul>\n\n\n\n<p>Si usas otro navegador, consulta los documentos oficiales de soporte de tu navegador para saber c\u00f3mo administrar las cookies.<\/p>","protected":false},"excerpt":{"rendered":"<p>\u00bfQu\u00e9 son las cookies? Esta Pol\u00edtica de cookies explica qu\u00e9 son las cookies, c\u00f3mo las usamos, los tipos de cookies que empleamos, la informaci\u00f3n que recopilamos mediante ellas, c\u00f3mo usamos esa informaci\u00f3n y c\u00f3mo puedes administrar la configuraci\u00f3n de las cookies. Las cookies son peque\u00f1os archivos de texto que se almacenan en tu dispositivo cuando [&hellip;]<\/p>\n","protected":false},"author":1,"featured_media":0,"parent":0,"menu_order":0,"comment_status":"closed","ping_status":"closed","template":"","meta":{"_monsterinsights_skip_tracking":false,"_monsterinsights_sitenote_active":false,"_monsterinsights_sitenote_note":"","_monsterinsights_sitenote_category":0,"footnotes":""},"class_list":["post-1094","page","type-page","status-publish","hentry"],"_links":{"self":[{"href":"https:\/\/ganeshayoga.es\/en\/wp-json\/wp\/v2\/pages\/1094","targetHints":{"allow":["GET"]}}],"collection":[{"href":"https:\/\/ganeshayoga.es\/en\/wp-json\/wp\/v2\/pages"}],"about":[{"href":"https:\/\/ganeshayoga.es\/en\/wp-json\/wp\/v2\/types\/page"}],"author":[{"embeddable":true,"href":"https:\/\/ganeshayoga.es\/en\/wp-json\/wp\/v2\/users\/1"}],"replies":[{"embeddable":true,"href":"https:\/\/ganeshayoga.es\/en\/wp-json\/wp\/v2\/comments?post=1094"}],"version-history":[{"count":1,"href":"https:\/\/ganeshayoga.es\/en\/wp-json\/wp\/v2\/pages\/1094\/revisions"}],"predecessor-version":[{"id":1095,"href":"https:\/\/ganeshayoga.es\/en\/wp-json\/wp\/v2\/pages\/1094\/revisions\/1095"}],"wp:attachment":[{"href":"https:\/\/ganeshayoga.es\/en\/wp-json\/wp\/v2\/media?parent=1094"}],"curies":[{"name":"wp","href":"https:\/\/api.w.org\/{rel}","templated":true}]}}