{"id":327,"date":"2025-04-05T11:46:39","date_gmt":"2025-04-05T11:46:39","guid":{"rendered":"https:\/\/ganeshayoga.es\/?page_id=327"},"modified":"2026-02-13T14:33:00","modified_gmt":"2026-02-13T14:33:00","slug":"talleres-online","status":"publish","type":"page","link":"https:\/\/ganeshayoga.es\/en\/talleres-online\/","title":{"rendered":"Workshops"},"content":{"rendered":"<div data-elementor-type=\"wp-page\" data-elementor-id=\"327\" class=\"elementor elementor-327\" data-elementor-post-type=\"page\">\n\t\t\t\t<div class=\"elementor-element elementor-element-47314943 e-con-full e-flex e-con e-parent\" data-id=\"47314943\" data-element_type=\"container\" data-e-type=\"container\" data-settings=\"{&quot;background_background&quot;:&quot;classic&quot;}\">\n\t\t\t\t<div class=\"elementor-element elementor-element-3a942b53 elementor-widget elementor-widget-spacer\" data-id=\"3a942b53\" data-element_type=\"widget\" data-e-type=\"widget\" data-widget_type=\"spacer.default\">\n\t\t\t\t<div class=\"elementor-widget-container\">\n\t\t\t\t\t\t\t<div class=\"elementor-spacer\">\n\t\t\t<div class=\"elementor-spacer-inner\"><\/div>\n\t\t<\/div>\n\t\t\t\t\t\t<\/div>\n\t\t\t\t<\/div>\n\t\t\t\t<div class=\"elementor-element elementor-element-bc0d77b elementor-widget elementor-widget-heading\" data-id=\"bc0d77b\" data-element_type=\"widget\" data-e-type=\"widget\" data-widget_type=\"heading.default\">\n\t\t\t\t<div class=\"elementor-widget-container\">\n\t\t\t\t\t<h1 class=\"elementor-heading-title elementor-size-default\">Workshops<\/h1>\t\t\t\t<\/div>\n\t\t\t\t<\/div>\n\t\t\t\t<\/div>\n\t\t<div class=\"elementor-element elementor-element-687895e1 e-con-full e-flex e-con e-parent\" data-id=\"687895e1\" data-element_type=\"container\" data-e-type=\"container\" data-settings=\"{&quot;background_background&quot;:&quot;classic&quot;}\">\n\t\t<div class=\"elementor-element elementor-element-7682d971 e-grid e-con-full e-con e-child\" data-id=\"7682d971\" data-element_type=\"container\" data-e-type=\"container\">\n\t\t\t\t<div class=\"elementor-element elementor-element-37a3735b elementor-widget elementor-widget-spacer\" data-id=\"37a3735b\" data-element_type=\"widget\" data-e-type=\"widget\" data-widget_type=\"spacer.default\">\n\t\t\t\t<div class=\"elementor-widget-container\">\n\t\t\t\t\t\t\t<div class=\"elementor-spacer\">\n\t\t\t<div class=\"elementor-spacer-inner\"><\/div>\n\t\t<\/div>\n\t\t\t\t\t\t<\/div>\n\t\t\t\t<\/div>\n\t\t<div class=\"elementor-element elementor-element-57c11b32 e-grid e-con-full e-con e-child\" data-id=\"57c11b32\" data-element_type=\"container\" data-e-type=\"container\" data-settings=\"{&quot;background_background&quot;:&quot;classic&quot;}\">\n\t\t\t\t<div class=\"elementor-element elementor-element-402117ac elementor-widget elementor-widget-heading\" data-id=\"402117ac\" data-element_type=\"widget\" data-e-type=\"widget\" data-widget_type=\"heading.default\">\n\t\t\t\t<div class=\"elementor-widget-container\">\n\t\t\t\t\t<h2 class=\"elementor-heading-title elementor-size-default\">Talleres Online de Yoga, Meditaci\u00f3n y Sabidur\u00eda Interior<\/h2>\t\t\t\t<\/div>\n\t\t\t\t<\/div>\n\t\t\t\t<div class=\"elementor-element elementor-element-3e0f275 elementor-widget elementor-widget-heading\" data-id=\"3e0f275\" data-element_type=\"widget\" data-e-type=\"widget\" data-widget_type=\"heading.default\">\n\t\t\t\t<div class=\"elementor-widget-container\">\n\t\t\t\t\t<h3 class=\"elementor-heading-title elementor-size-default\">Formaciones tem\u00e1ticas online para profundizar en tu camino, reconectar contigo y transformar tu pr\u00e1ctica desde dentro.<\/h3>\t\t\t\t<\/div>\n\t\t\t\t<\/div>\n\t\t\t\t<div class=\"elementor-element elementor-element-4e4d04de elementor-widget elementor-widget-text-editor\" data-id=\"4e4d04de\" data-element_type=\"widget\" data-e-type=\"widget\" data-widget_type=\"text-editor.default\">\n\t\t\t\t<div class=\"elementor-widget-container\">\n\t\t\t\t\t\t\t\t\t<p data-start=\"459\" data-end=\"801\">\u00bfSientes que necesitas ir m\u00e1s all\u00e1 de una clase suelta? Estos talleres son espacios de estudio, pr\u00e1ctica y autoescucha, dise\u00f1ados para que te tomes un tiempo contigo desde casa. A trav\u00e9s del yoga, la meditaci\u00f3n, la respiraci\u00f3n, el Ayurveda o la filosof\u00eda del yoga, explorar\u00e1s nuevas herramientas para vivir con m\u00e1s calma, claridad y conexi\u00f3n.<\/p><p data-start=\"803\" data-end=\"1082\">Cada encuentro online se centra en una tem\u00e1tica espec\u00edfica \u2014como el autocuidado, las posturas invertidas, el cuerpo energ\u00e9tico o la compasi\u00f3n\u2014 y se desarrolla con profundidad, presencia y ritmo pausado. No hace falta experiencia previa, solo tu presencia y tus ganas de explorar.<\/p><p data-start=\"1084\" data-end=\"1305\">Podr\u00e1s elegir entre talleres de 2 horas, media jornada o incluso ciclos mensuales, todo con una gu\u00eda accesible, humana y respetuosa con tu proceso. Un espacio seguro para estudiar, sentir y transformar, est\u00e9s donde est\u00e9s.<\/p>\t\t\t\t\t\t\t\t<\/div>\n\t\t\t\t<\/div>\n\t\t\t\t<div class=\"elementor-element elementor-element-67b6986e elementor-widget elementor-widget-image\" data-id=\"67b6986e\" data-element_type=\"widget\" data-e-type=\"widget\" data-widget_type=\"image.default\">\n\t\t\t\t<div class=\"elementor-widget-container\">\n\t\t\t\t\t\t\t\t\t\t\t\t\t\t\t<img fetchpriority=\"high\" decoding=\"async\" width=\"768\" height=\"512\" src=\"https:\/\/ganeshayoga.es\/wp-content\/uploads\/2025\/05\/meditation-4666694_1280-1-768x512.jpg\" class=\"attachment-medium_large size-medium_large wp-image-994\" alt=\"Talleres online\" srcset=\"https:\/\/ganeshayoga.es\/wp-content\/uploads\/2025\/05\/meditation-4666694_1280-1-768x512.jpg 768w, https:\/\/ganeshayoga.es\/wp-content\/uploads\/2025\/05\/meditation-4666694_1280-1-300x200.jpg 300w, https:\/\/ganeshayoga.es\/wp-content\/uploads\/2025\/05\/meditation-4666694_1280-1-1024x682.jpg 1024w, https:\/\/ganeshayoga.es\/wp-content\/uploads\/2025\/05\/meditation-4666694_1280-1-600x400.jpg 600w, https:\/\/ganeshayoga.es\/wp-content\/uploads\/2025\/05\/meditation-4666694_1280-1.jpg 1280w\" sizes=\"(max-width: 768px) 100vw, 768px\" \/>\t\t\t\t\t\t\t\t\t\t\t\t\t\t\t<\/div>\n\t\t\t\t<\/div>\n\t\t\t\t<div class=\"elementor-element elementor-element-3d872e7c elementor-widget elementor-widget-heading\" data-id=\"3d872e7c\" data-element_type=\"widget\" data-e-type=\"widget\" data-widget_type=\"heading.default\">\n\t\t\t\t<div class=\"elementor-widget-container\">\n\t\t\t\t\t<h2 class=\"elementor-heading-title elementor-size-default\">\u00bfQu\u00e9 encontrar\u00e1s en estos talleres?<\/h2>\t\t\t\t<\/div>\n\t\t\t\t<\/div>\n\t\t\t\t<div class=\"elementor-element elementor-element-5f8c7be8 elementor-widget elementor-widget-text-editor\" data-id=\"5f8c7be8\" data-element_type=\"widget\" data-e-type=\"widget\" data-widget_type=\"text-editor.default\">\n\t\t\t\t<div class=\"elementor-widget-container\">\n\t\t\t\t\t\t\t\t\t<p data-start=\"265\" data-end=\"510\">Cada taller es una experiencia distinta, pensada para que puedas profundizar en un aspecto concreto de tu camino personal y tu pr\u00e1ctica. Son espacios creados con mimo para detenerte, escucharte y reconectar contigo desde la calma y la presencia.<\/p><p data-start=\"512\" data-end=\"831\">Durante una ma\u00f1ana, una tarde o un ciclo de varias semanas, iremos paso a paso a trav\u00e9s de pr\u00e1cticas de yoga, meditaci\u00f3n, respiraci\u00f3n, din\u00e1micas de autoexploraci\u00f3n y espacios de reflexi\u00f3n compartida. Todo en formato online, para que puedas vivir esta experiencia est\u00e9s donde est\u00e9s, con acompa\u00f1amiento cercano y cuidado.<\/p><p data-start=\"833\" data-end=\"1009\">Trabajamos con un enfoque accesible y respetuoso con cada proceso personal, ofreciendo herramientas que puedas integrar en tu d\u00eda a d\u00eda y seguir explorando m\u00e1s all\u00e1 del taller.<\/p><p data-start=\"1011\" data-end=\"1216\">Son encuentros \u00edntimos, seguros y nutritivos donde parar, sentir y redescubrirte a tu ritmo. No necesitas experiencia previa, solo tu presencia, tu apertura y el deseo de dedicarte un espacio solo para ti.<\/p>\t\t\t\t\t\t\t\t<\/div>\n\t\t\t\t<\/div>\n\t\t\t\t<\/div>\n\t\t\t\t<\/div>\n\t\t\t\t<\/div>\n\t\t<div class=\"elementor-element elementor-element-3dae546a e-flex e-con-boxed e-con e-parent\" data-id=\"3dae546a\" data-element_type=\"container\" data-e-type=\"container\" data-settings=\"{&quot;background_background&quot;:&quot;classic&quot;}\">\n\t\t\t\t\t<div class=\"e-con-inner\">\n\t\t\t\t<div class=\"elementor-element elementor-element-762fa314 elementor-widget elementor-widget-heading\" data-id=\"762fa314\" data-element_type=\"widget\" data-e-type=\"widget\" data-widget_type=\"heading.default\">\n\t\t\t\t<div class=\"elementor-widget-container\">\n\t\t\t\t\t<h3 class=\"elementor-heading-title elementor-size-default\">Reg\u00e1late un momento para ti y comprender mejor tu cuerpo y mente<\/h3>\t\t\t\t<\/div>\n\t\t\t\t<\/div>\n\t\t\t\t<div class=\"elementor-element elementor-element-5f35e01b elementor-widget elementor-widget-text-editor\" data-id=\"5f35e01b\" data-element_type=\"widget\" data-e-type=\"widget\" data-widget_type=\"text-editor.default\">\n\t\t\t\t<div class=\"elementor-widget-container\">\n\t\t\t\t\t\t\t\t\t<p>El autocuidado no es un lujo, es una necesidad vital. Este espacio es una invitaci\u00f3n a conocerte mejor, a habitar tu cuerpo con consciencia y a entender tu mente desde el respeto y la curiosidad.<\/p>\t\t\t\t\t\t\t\t<\/div>\n\t\t\t\t<\/div>\n\t\t\t\t\t<\/div>\n\t\t\t\t<\/div>\n\t\t<div class=\"elementor-element elementor-element-66cddb5e e-grid e-con-boxed e-con e-parent\" data-id=\"66cddb5e\" data-element_type=\"container\" data-e-type=\"container\" data-settings=\"{&quot;background_background&quot;:&quot;classic&quot;}\">\n\t\t\t\t\t<div class=\"e-con-inner\">\n\t\t<div class=\"elementor-element elementor-element-6bb9128 e-grid e-con-full e-con e-child\" data-id=\"6bb9128\" data-element_type=\"container\" data-e-type=\"container\">\n\t\t<div class=\"elementor-element elementor-element-2167bf06 e-grid e-con-full e-con e-child\" data-id=\"2167bf06\" data-element_type=\"container\" data-e-type=\"container\">\n\t\t\t\t<div class=\"elementor-element elementor-element-b3f95d5 elementor-widget elementor-widget-heading\" data-id=\"b3f95d5\" data-element_type=\"widget\" data-e-type=\"widget\" data-widget_type=\"heading.default\">\n\t\t\t\t<div class=\"elementor-widget-container\">\n\t\t\t\t\t<h2 class=\"elementor-heading-title elementor-size-default\">Vinyasa Yoga &amp;\nYoga Nidra<\/h2>\t\t\t\t<\/div>\n\t\t\t\t<\/div>\n\t\t\t\t<\/div>\n\t\t\t\t<div class=\"elementor-element elementor-element-67aa2459 elementor-widget elementor-widget-heading\" data-id=\"67aa2459\" data-element_type=\"widget\" data-e-type=\"widget\" data-widget_type=\"heading.default\">\n\t\t\t\t<div class=\"elementor-widget-container\">\n\t\t\t\t\t<h4 class=\"elementor-heading-title elementor-size-default\">Encuentro con tu Interior<\/h4>\t\t\t\t<\/div>\n\t\t\t\t<\/div>\n\t\t\t\t<div class=\"elementor-element elementor-element-3689ea90 elementor-widget elementor-widget-text-editor\" data-id=\"3689ea90\" data-element_type=\"widget\" data-e-type=\"widget\" data-widget_type=\"text-editor.default\">\n\t\t\t\t<div class=\"elementor-widget-container\">\n\t\t\t\t\t\t\t\t\t<p data-start=\"0\" data-end=\"101\"><strong>Reg\u00e1late un espacio para respirar amplio, soltar lo que pesa y recuperar ligereza<\/strong> en nuestro taller especial de Elemento Aire.<\/p><p data-start=\"236\" data-end=\"265\">Durante esta pr\u00e1ctica guiada:<\/p><p data-start=\"267\" data-end=\"380\"><strong>Despertaremos la energ\u00eda con respiraci\u00f3n en tres partes y Kapalabhati,<\/strong> creando espacio interno y claridad mental.<\/p><p data-start=\"382\" data-end=\"526\"><strong>Fluiremos a trav\u00e9s de un Vinyasa inspirado en el aire<\/strong>, trabajando la expansi\u00f3n, la movilidad consciente y la sensaci\u00f3n de ligereza en el cuerpo.<\/p><p data-start=\"528\" data-end=\"775\">Finalizaremos con un <strong>Yoga Nidra,<\/strong> una meditaci\u00f3n guiada en estado de relajaci\u00f3n profunda, <strong>donde podr\u00e1s dejar marchar pensamientos repetitivos, autoexigencia o peque\u00f1as culpas, permitiendo que el viento se lleve aquello que ya no necesitas sostener.<\/strong><\/p><p data-start=\"777\" data-end=\"857\">Ideal para cualquier nivel, incluso si es tu primera experiencia con Yoga Nidra.<\/p><p data-start=\"859\" data-end=\"1107\">No necesitas experiencia previa para disfrutar de este taller. Solo trae tu esterilla y algo de abrigo para el momento de relajaci\u00f3n. Durante la sesi\u00f3n, te guiar\u00e9 para conectar con tu respiraci\u00f3n, liberar tensiones y sentirte m\u00e1s ligera y en calma.<\/p><p data-start=\"1109\" data-end=\"1268\">\u2728 Fecha: 14 de marzo<br data-start=\"1129\" data-end=\"1132\" \/>\ud83d\udd70 Horario: 10:30<br data-start=\"1149\" data-end=\"1152\" \/>\ud83d\udccd Cl. de la Sierra Vieja, 13<\/p>\t\t\t\t\t\t\t\t<\/div>\n\t\t\t\t<\/div>\n\t\t\t\t<div class=\"elementor-element elementor-element-59f90a4 elementor-align-center elementor-widget elementor-widget-button\" data-id=\"59f90a4\" data-element_type=\"widget\" data-e-type=\"widget\" data-widget_type=\"button.default\">\n\t\t\t\t<div class=\"elementor-widget-container\">\n\t\t\t\t\t\t\t\t\t<div class=\"elementor-button-wrapper\">\n\t\t\t\t\t<a class=\"elementor-button elementor-button-link elementor-size-sm\" href=\"https:\/\/buy.stripe.com\/6oU00d7JkbR18bOciheEo07\" target=\"_blank\" rel=\"noopener\">\n\t\t\t\t\t\t<span class=\"elementor-button-content-wrapper\">\n\t\t\t\t\t\t\t\t\t<span class=\"elementor-button-text\">No te pierdas esta oportunidad<\/span>\n\t\t\t\t\t<\/span>\n\t\t\t\t\t<\/a>\n\t\t\t\t<\/div>\n\t\t\t\t\t\t\t\t<\/div>\n\t\t\t\t<\/div>\n\t\t\t\t<\/div>\n\t\t<div class=\"elementor-element elementor-element-47358075 e-grid e-con-full e-con e-child\" data-id=\"47358075\" data-element_type=\"container\" data-e-type=\"container\">\n\t\t<div class=\"elementor-element elementor-element-c4232b2 e-grid e-con-full e-con e-child\" data-id=\"c4232b2\" data-element_type=\"container\" data-e-type=\"container\">\n\t\t\t\t<div class=\"elementor-element elementor-element-6cdc25d5 elementor-widget elementor-widget-heading\" data-id=\"6cdc25d5\" data-element_type=\"widget\" data-e-type=\"widget\" data-widget_type=\"heading.default\">\n\t\t\t\t<div class=\"elementor-widget-container\">\n\t\t\t\t\t<h2 class=\"elementor-heading-title elementor-size-default\">Encuentra tu manera de meditar<\/h2>\t\t\t\t<\/div>\n\t\t\t\t<\/div>\n\t\t\t\t<\/div>\n\t\t\t\t<div class=\"elementor-element elementor-element-6ec20a91 elementor-widget elementor-widget-heading\" data-id=\"6ec20a91\" data-element_type=\"widget\" data-e-type=\"widget\" data-widget_type=\"heading.default\">\n\t\t\t\t<div class=\"elementor-widget-container\">\n\t\t\t\t\t<h4 class=\"elementor-heading-title elementor-size-default\">Un espacio para bajar el ritmo y volver a ti.<\/h4>\t\t\t\t<\/div>\n\t\t\t\t<\/div>\n\t\t\t\t<div class=\"elementor-element elementor-element-7897ea51 elementor-widget elementor-widget-text-editor\" data-id=\"7897ea51\" data-element_type=\"widget\" data-e-type=\"widget\" data-widget_type=\"text-editor.default\">\n\t\t\t\t<div class=\"elementor-widget-container\">\n\t\t\t\t\t\t\t\t\t<p data-start=\"774\" data-end=\"965\">La meditaci\u00f3n es una herramienta profunda de <strong data-start=\"864\" data-end=\"913\">autoconocimiento, presencia y cuidado interno<\/strong>, que se adapta a cada persona y a cada etapa vital.<\/p><p data-start=\"129\" data-end=\"149\">Durante el taller:<\/p><ul data-start=\"151\" data-end=\"521\"><li data-start=\"151\" data-end=\"287\"><p data-start=\"153\" data-end=\"287\">Descubre la <strong data-start=\"165\" data-end=\"220\">respiraci\u00f3n consciente, los mantras y el yoga nidra<\/strong> para reconectar con tu interior y soltar lo que ya no necesitas.<\/p><\/li><li data-start=\"288\" data-end=\"411\"><p data-start=\"290\" data-end=\"411\">Prueba la <strong data-start=\"300\" data-end=\"348\">meditaci\u00f3n en movimiento y la atenci\u00f3n plena<\/strong> para sentir tu cuerpo, tu respiraci\u00f3n y el momento presente.<\/p><\/li><li data-start=\"412\" data-end=\"521\"><p data-start=\"414\" data-end=\"521\">Disfruta de <strong data-start=\"426\" data-end=\"450\">momentos de silencio<\/strong> que te permitan encontrar calma, claridad y presencia contigo misma.<\/p><\/li><\/ul><p data-start=\"967\" data-end=\"1051\">No es necesaria experiencia previa. Solo curiosidad, apertura y ganas de escucharte.<\/p><p data-start=\"1053\" data-end=\"1227\">\u2728 <strong data-start=\"1055\" data-end=\"1066\">Fechas:<\/strong> 14 y 15 de febrero<br data-start=\"1085\" data-end=\"1088\" \/>\ud83d\udd70 <strong data-start=\"1091\" data-end=\"1103\">Horario:<\/strong> 17:00 a 20:00<br data-start=\"1117\" data-end=\"1120\" \/>\ud83d\udcb6 <strong data-start=\"1123\" data-end=\"1134\">Precio:<\/strong> 25 \u20ac un d\u00eda \/ 50 \u20ac los dos d\u00edas<br data-start=\"1166\" data-end=\"1169\" \/>\ud83d\udcc4 Incluye material en PDF para seguir practicando en casa.<\/p>\t\t\t\t\t\t\t\t<\/div>\n\t\t\t\t<\/div>\n\t\t\t\t<div class=\"elementor-element elementor-element-192a9ee6 elementor-align-center elementor-widget elementor-widget-button\" data-id=\"192a9ee6\" data-element_type=\"widget\" data-e-type=\"widget\" data-widget_type=\"button.default\">\n\t\t\t\t<div class=\"elementor-widget-container\">\n\t\t\t\t\t\t\t\t\t<div class=\"elementor-button-wrapper\">\n\t\t\t\t\t<a class=\"elementor-button elementor-size-sm\" role=\"button\">\n\t\t\t\t\t\t<span class=\"elementor-button-content-wrapper\">\n\t\t\t\t\t\t\t\t\t<span class=\"elementor-button-text\">Reserva tu plaza<\/span>\n\t\t\t\t\t<\/span>\n\t\t\t\t\t<\/a>\n\t\t\t\t<\/div>\n\t\t\t\t\t\t\t\t<\/div>\n\t\t\t\t<\/div>\n\t\t\t\t<\/div>\n\t\t\t\t\t<\/div>\n\t\t\t\t<\/div>\n\t\t<div class=\"elementor-element elementor-element-1ec22d2 e-grid e-con-boxed e-con e-parent\" data-id=\"1ec22d2\" data-element_type=\"container\" data-e-type=\"container\" data-settings=\"{&quot;background_background&quot;:&quot;classic&quot;}\">\n\t\t\t\t\t<div class=\"e-con-inner\">\n\t\t<div class=\"elementor-element elementor-element-d0d5965 e-grid e-con-full e-con e-child\" data-id=\"d0d5965\" data-element_type=\"container\" data-e-type=\"container\">\n\t\t<div class=\"elementor-element elementor-element-d0cbf23 e-grid e-con-full e-con e-child\" data-id=\"d0cbf23\" data-element_type=\"container\" data-e-type=\"container\">\n\t\t\t\t<div class=\"elementor-element elementor-element-f6cdd9e elementor-widget elementor-widget-heading\" data-id=\"f6cdd9e\" data-element_type=\"widget\" data-e-type=\"widget\" data-widget_type=\"heading.default\">\n\t\t\t\t<div class=\"elementor-widget-container\">\n\t\t\t\t\t<h2 class=\"elementor-heading-title elementor-size-default\">Iniciaci\u00f3n \na la\n Meditaci\u00f3n<\/h2>\t\t\t\t<\/div>\n\t\t\t\t<\/div>\n\t\t\t\t<\/div>\n\t\t\t\t<div class=\"elementor-element elementor-element-fc12abb elementor-widget elementor-widget-heading\" data-id=\"fc12abb\" data-element_type=\"widget\" data-e-type=\"widget\" data-widget_type=\"heading.default\">\n\t\t\t\t<div class=\"elementor-widget-container\">\n\t\t\t\t\t<h4 class=\"elementor-heading-title elementor-size-default\">Aprende a meditar desde cero, sin exigencias<\/h4>\t\t\t\t<\/div>\n\t\t\t\t<\/div>\n\t\t\t\t<div class=\"elementor-element elementor-element-63a00ed elementor-widget elementor-widget-text-editor\" data-id=\"63a00ed\" data-element_type=\"widget\" data-e-type=\"widget\" data-widget_type=\"text-editor.default\">\n\t\t\t\t<div class=\"elementor-widget-container\">\n\t\t\t\t\t\t\t\t\t<p>Una introducci\u00f3n pr\u00e1ctica y amable al arte de meditar. Descubrir\u00e1s t\u00e9cnicas sencillas para calmar la mente, conectar con tu respiraci\u00f3n y habitar el presente con m\u00e1s serenidad. Ideal para quienes nunca han meditado o desean retomar con una gu\u00eda clara.<\/p>\t\t\t\t\t\t\t\t<\/div>\n\t\t\t\t<\/div>\n\t\t\t\t<\/div>\n\t\t<div class=\"elementor-element elementor-element-88c3a82 e-grid e-con-full e-con e-child\" data-id=\"88c3a82\" data-element_type=\"container\" data-e-type=\"container\">\n\t\t<div class=\"elementor-element elementor-element-8ff9c6c e-grid e-con-full e-con e-child\" data-id=\"8ff9c6c\" data-element_type=\"container\" data-e-type=\"container\">\n\t\t\t\t<div class=\"elementor-element elementor-element-7344d4e elementor-widget elementor-widget-heading\" data-id=\"7344d4e\" data-element_type=\"widget\" data-e-type=\"widget\" data-widget_type=\"heading.default\">\n\t\t\t\t<div class=\"elementor-widget-container\">\n\t\t\t\t\t<h2 class=\"elementor-heading-title elementor-size-default\">Yoga en Silla: \nbienestar\n en la oficina<\/h2>\t\t\t\t<\/div>\n\t\t\t\t<\/div>\n\t\t\t\t<\/div>\n\t\t\t\t<div class=\"elementor-element elementor-element-fda7020 elementor-widget elementor-widget-heading\" data-id=\"fda7020\" data-element_type=\"widget\" data-e-type=\"widget\" data-widget_type=\"heading.default\">\n\t\t\t\t<div class=\"elementor-widget-container\">\n\t\t\t\t\t<h4 class=\"elementor-heading-title elementor-size-default\">Pausas reparadoras para tu d\u00eda laboral<\/h4>\t\t\t\t<\/div>\n\t\t\t\t<\/div>\n\t\t\t\t<div class=\"elementor-element elementor-element-19dfcf2 elementor-widget elementor-widget-text-editor\" data-id=\"19dfcf2\" data-element_type=\"widget\" data-e-type=\"widget\" data-widget_type=\"text-editor.default\">\n\t\t\t\t<div class=\"elementor-widget-container\">\n\t\t\t\t\t\t\t\t\t<p>Un taller pensado para integrar el yoga en tu rutina diaria, sin esterilla y sin cambiarte de ropa. Aprende posturas, estiramientos y respiraciones que puedes hacer desde tu silla para aliviar tensiones, mejorar tu postura y recargar tu energ\u00eda durante la jornada..<\/p>\t\t\t\t\t\t\t\t<\/div>\n\t\t\t\t<\/div>\n\t\t\t\t<\/div>\n\t\t\t\t\t<\/div>\n\t\t\t\t<\/div>\n\t\t<div class=\"elementor-element elementor-element-5c829c1 e-grid e-con-boxed e-con e-parent\" data-id=\"5c829c1\" data-element_type=\"container\" data-e-type=\"container\" data-settings=\"{&quot;background_background&quot;:&quot;classic&quot;}\">\n\t\t\t\t\t<div class=\"e-con-inner\">\n\t\t<div class=\"elementor-element elementor-element-da4207d e-grid e-con-full e-con e-child\" data-id=\"da4207d\" data-element_type=\"container\" data-e-type=\"container\">\n\t\t<div class=\"elementor-element elementor-element-797bf1f e-grid e-con-full e-con e-child\" data-id=\"797bf1f\" data-element_type=\"container\" data-e-type=\"container\">\n\t\t\t\t<div class=\"elementor-element elementor-element-f81290b elementor-widget elementor-widget-heading\" data-id=\"f81290b\" data-element_type=\"widget\" data-e-type=\"widget\" data-widget_type=\"heading.default\">\n\t\t\t\t<div class=\"elementor-widget-container\">\n\t\t\t\t\t<h2 class=\"elementor-heading-title elementor-size-default\">Kriyas:\n limpia, despierta\n y renueva tu \nenerg\u00eda<\/h2>\t\t\t\t<\/div>\n\t\t\t\t<\/div>\n\t\t\t\t<\/div>\n\t\t\t\t<div class=\"elementor-element elementor-element-27611d4 elementor-widget elementor-widget-heading\" data-id=\"27611d4\" data-element_type=\"widget\" data-e-type=\"widget\" data-widget_type=\"heading.default\">\n\t\t\t\t<div class=\"elementor-widget-container\">\n\t\t\t\t\t<h4 class=\"elementor-heading-title elementor-size-default\">Movimientos conscientes para activar cuerpo, mente y respiraci\u00f3n<\/h4>\t\t\t\t<\/div>\n\t\t\t\t<\/div>\n\t\t\t\t<div class=\"elementor-element elementor-element-aa6c98e elementor-widget elementor-widget-text-editor\" data-id=\"aa6c98e\" data-element_type=\"widget\" data-e-type=\"widget\" data-widget_type=\"text-editor.default\">\n\t\t\t\t<div class=\"elementor-widget-container\">\n\t\t\t\t\t\t\t\t\t<p>Este taller te invita a explorar las kriyas, secuencias din\u00e1micas del yoga tradicional que combinan respiraci\u00f3n, movimiento y foco mental. Una pr\u00e1ctica poderosa para liberar bloqueos, purificar el cuerpo energ\u00e9tico y despertar tu vitalidad interior.<\/p>\t\t\t\t\t\t\t\t<\/div>\n\t\t\t\t<\/div>\n\t\t\t\t<\/div>\n\t\t<div class=\"elementor-element elementor-element-dbfb14a e-grid e-con-full e-con e-child\" data-id=\"dbfb14a\" data-element_type=\"container\" data-e-type=\"container\">\n\t\t<div class=\"elementor-element elementor-element-bb3ed59 e-grid e-con-full e-con e-child\" data-id=\"bb3ed59\" data-element_type=\"container\" data-e-type=\"container\">\n\t\t\t\t<div class=\"elementor-element elementor-element-56d6c06 elementor-widget elementor-widget-heading\" data-id=\"56d6c06\" data-element_type=\"widget\" data-e-type=\"widget\" data-widget_type=\"heading.default\">\n\t\t\t\t<div class=\"elementor-widget-container\">\n\t\t\t\t\t<h2 class=\"elementor-heading-title elementor-size-default\">Pranayamas: El Poder de la Respiraci\u00f3n Consciente<\/h2>\t\t\t\t<\/div>\n\t\t\t\t<\/div>\n\t\t\t\t<\/div>\n\t\t\t\t<div class=\"elementor-element elementor-element-62c46d1 elementor-widget elementor-widget-heading\" data-id=\"62c46d1\" data-element_type=\"widget\" data-e-type=\"widget\" data-widget_type=\"heading.default\">\n\t\t\t\t<div class=\"elementor-widget-container\">\n\t\t\t\t\t<h4 class=\"elementor-heading-title elementor-size-default\">Respirar mejor para vivir con m\u00e1s claridad y equilibrio<\/h4>\t\t\t\t<\/div>\n\t\t\t\t<\/div>\n\t\t\t\t<div class=\"elementor-element elementor-element-a9a49d3 elementor-widget elementor-widget-text-editor\" data-id=\"a9a49d3\" data-element_type=\"widget\" data-e-type=\"widget\" data-widget_type=\"text-editor.default\">\n\t\t\t\t<div class=\"elementor-widget-container\">\n\t\t\t\t\t\t\t\t\t<p>Descubre c\u00f3mo utilizar tu respiraci\u00f3n como herramienta de transformaci\u00f3n. En este taller aprender\u00e1s t\u00e9cnicas de pranayama para calmar el sistema nervioso, ampliar tu energ\u00eda vital (prana) y conectar con un estado de atenci\u00f3n plena y serenidad.<\/p>\t\t\t\t\t\t\t\t<\/div>\n\t\t\t\t<\/div>\n\t\t\t\t<\/div>\n\t\t\t\t\t<\/div>\n\t\t\t\t<\/div>\n\t\t\t\t<\/div>","protected":false},"excerpt":{"rendered":"<p>Talleres Talleres Online de Yoga, Meditaci\u00f3n y Sabidur\u00eda Interior Formaciones tem\u00e1ticas online para profundizar en tu camino, reconectar contigo y transformar tu pr\u00e1ctica desde dentro. \u00bfSientes que necesitas ir m\u00e1s all\u00e1 de una clase suelta? Estos talleres son espacios de estudio, pr\u00e1ctica y autoescucha, dise\u00f1ados para que te tomes un tiempo contigo desde casa. A [&hellip;]<\/p>\n","protected":false},"author":1,"featured_media":0,"parent":0,"menu_order":0,"comment_status":"closed","ping_status":"closed","template":"","meta":{"_monsterinsights_skip_tracking":false,"_monsterinsights_sitenote_active":false,"_monsterinsights_sitenote_note":"","_monsterinsights_sitenote_category":0,"footnotes":""},"class_list":["post-327","page","type-page","status-publish","hentry"],"_links":{"self":[{"href":"https:\/\/ganeshayoga.es\/en\/wp-json\/wp\/v2\/pages\/327","targetHints":{"allow":["GET"]}}],"collection":[{"href":"https:\/\/ganeshayoga.es\/en\/wp-json\/wp\/v2\/pages"}],"about":[{"href":"https:\/\/ganeshayoga.es\/en\/wp-json\/wp\/v2\/types\/page"}],"author":[{"embeddable":true,"href":"https:\/\/ganeshayoga.es\/en\/wp-json\/wp\/v2\/users\/1"}],"replies":[{"embeddable":true,"href":"https:\/\/ganeshayoga.es\/en\/wp-json\/wp\/v2\/comments?post=327"}],"version-history":[{"count":67,"href":"https:\/\/ganeshayoga.es\/en\/wp-json\/wp\/v2\/pages\/327\/revisions"}],"predecessor-version":[{"id":1448,"href":"https:\/\/ganeshayoga.es\/en\/wp-json\/wp\/v2\/pages\/327\/revisions\/1448"}],"wp:attachment":[{"href":"https:\/\/ganeshayoga.es\/en\/wp-json\/wp\/v2\/media?parent=327"}],"curies":[{"name":"wp","href":"https:\/\/api.w.org\/{rel}","templated":true}]}}