{"id":723,"date":"2025-05-02T15:57:12","date_gmt":"2025-05-02T15:57:12","guid":{"rendered":"https:\/\/lemonchiffon-yak-211551.hostingersite.com\/?page_id=723"},"modified":"2026-01-13T11:51:12","modified_gmt":"2026-01-13T11:51:12","slug":"blog","status":"publish","type":"page","link":"https:\/\/ganeshayoga.es\/en\/blog\/","title":{"rendered":"Blog"},"content":{"rendered":"<div data-elementor-type=\"wp-page\" data-elementor-id=\"723\" class=\"elementor elementor-723\" data-elementor-post-type=\"page\">\n\t\t\t\t<div class=\"elementor-element elementor-element-941454d e-con-full e-flex e-con e-parent\" data-id=\"941454d\" data-element_type=\"container\" data-e-type=\"container\" data-settings=\"{&quot;background_background&quot;:&quot;classic&quot;}\">\n\t\t\t\t<div class=\"elementor-element elementor-element-2f96902 elementor-widget elementor-widget-heading\" data-id=\"2f96902\" data-element_type=\"widget\" data-e-type=\"widget\" data-widget_type=\"heading.default\">\n\t\t\t\t<div class=\"elementor-widget-container\">\n\t\t\t\t\t<h2 class=\"elementor-heading-title elementor-size-default\">Blog de Yoga<\/h2>\t\t\t\t<\/div>\n\t\t\t\t<\/div>\n\t\t\t\t<\/div>\n\t\t<div class=\"elementor-element elementor-element-94ec640 e-grid e-con-boxed e-con e-parent\" data-id=\"94ec640\" data-element_type=\"container\" data-e-type=\"container\">\n\t\t\t\t\t<div class=\"e-con-inner\">\n\t\t<section class=\"elementor-element elementor-element-65161a7 e-grid e-con-full e-con e-child\" data-id=\"65161a7\" data-element_type=\"container\" data-e-type=\"container\">\n\t\t\t\t<div class=\"elementor-element elementor-element-7d9fe18 elementor-widget elementor-widget-heading\" data-id=\"7d9fe18\" data-element_type=\"widget\" data-e-type=\"widget\" data-widget_type=\"heading.default\">\n\t\t\t\t<div class=\"elementor-widget-container\">\n\t\t\t\t\t<h3 class=\"elementor-heading-title elementor-size-default\">Respira y Conecta<\/h3>\t\t\t\t<\/div>\n\t\t\t\t<\/div>\n\t\t\t\t<div class=\"elementor-element elementor-element-1579262 elementor-widget elementor-widget-spacer\" data-id=\"1579262\" data-element_type=\"widget\" data-e-type=\"widget\" data-widget_type=\"spacer.default\">\n\t\t\t\t<div class=\"elementor-widget-container\">\n\t\t\t\t\t\t\t<div class=\"elementor-spacer\">\n\t\t\t<div class=\"elementor-spacer-inner\"><\/div>\n\t\t<\/div>\n\t\t\t\t\t\t<\/div>\n\t\t\t\t<\/div>\n\t\t\t\t<div class=\"elementor-element elementor-element-f552e50 elementor-widget elementor-widget-text-editor\" data-id=\"f552e50\" data-element_type=\"widget\" data-e-type=\"widget\" data-widget_type=\"text-editor.default\">\n\t\t\t\t<div class=\"elementor-widget-container\">\n\t\t\t\t\t\t\t\t\t<p>Un espacio creado con amor para que puedas volver a ti.<br data-start=\"240\" data-end=\"243\" \/>Aqu\u00ed te invito a reconectar contigo misma a trav\u00e9s del yoga, la filosof\u00eda ancestral que lo sostiene, el Ayurveda como medicina del alma, y la sabidur\u00eda del bienestar consciente.<br data-start=\"420\" data-end=\"423\" \/>Encontrar\u00e1s inspiraci\u00f3n para tu d\u00eda a d\u00eda, herramientas que te ayuden a cultivar calma en medio del ruido, pr\u00e1cticas que te sostengan en los momentos dif\u00edciles y reflexiones que despierten tu intuici\u00f3n y tu poder interior.<br data-start=\"645\" data-end=\"648\" \/>Este blog es una puerta abierta a una vida m\u00e1s aut\u00e9ntica, m\u00e1s presente, m\u00e1s tuya. Un lugar donde crecer, sanar y recordarte que ya eres suficiente tal como eres.<\/p>\t\t\t\t\t\t\t\t<\/div>\n\t\t\t\t<\/div>\n\t\t\t\t<div class=\"elementor-element elementor-element-6f73147 elementor-align-center elementor-widget elementor-widget-button\" data-id=\"6f73147\" data-element_type=\"widget\" data-e-type=\"widget\" data-widget_type=\"button.default\">\n\t\t\t\t<div class=\"elementor-widget-container\">\n\t\t\t\t\t\t\t\t\t<div class=\"elementor-button-wrapper\">\n\t\t\t\t\t<a class=\"elementor-button elementor-button-link elementor-size-sm\" href=\"https:\/\/ganeshayoga.es\/en\/clases-de-yoga\/\">\n\t\t\t\t\t\t<span class=\"elementor-button-content-wrapper\">\n\t\t\t\t\t\t\t\t\t<span class=\"elementor-button-text\">Reserva tu clase y empieza el cambio<\/span>\n\t\t\t\t\t<\/span>\n\t\t\t\t\t<\/a>\n\t\t\t\t<\/div>\n\t\t\t\t\t\t\t\t<\/div>\n\t\t\t\t<\/div>\n\t\t\t\t<\/section>\n\t\t<section class=\"elementor-element elementor-element-e5fb863 e-grid e-con-full e-con e-child\" data-id=\"e5fb863\" data-element_type=\"container\" data-e-type=\"container\">\n\t\t\t\t<div class=\"elementor-element elementor-element-af218c6 elementor-widget elementor-widget-image\" data-id=\"af218c6\" data-element_type=\"widget\" data-e-type=\"widget\" data-widget_type=\"image.default\">\n\t\t\t\t<div class=\"elementor-widget-container\">\n\t\t\t\t\t\t\t\t\t\t\t\t\t\t\t<img fetchpriority=\"high\" decoding=\"async\" width=\"800\" height=\"450\" src=\"https:\/\/ganeshayoga.es\/wp-content\/uploads\/2025\/04\/WhatsApp-Image-2025-04-09-at-01.13.57-4-1024x576.jpeg\" class=\"attachment-large size-large wp-image-350\" alt=\"Vanesa Rogero Paredes\" srcset=\"https:\/\/ganeshayoga.es\/wp-content\/uploads\/2025\/04\/WhatsApp-Image-2025-04-09-at-01.13.57-4-1024x576.jpeg 1024w, https:\/\/ganeshayoga.es\/wp-content\/uploads\/2025\/04\/WhatsApp-Image-2025-04-09-at-01.13.57-4-300x169.jpeg 300w, https:\/\/ganeshayoga.es\/wp-content\/uploads\/2025\/04\/WhatsApp-Image-2025-04-09-at-01.13.57-4-768x432.jpeg 768w, https:\/\/ganeshayoga.es\/wp-content\/uploads\/2025\/04\/WhatsApp-Image-2025-04-09-at-01.13.57-4-1536x864.jpeg 1536w, https:\/\/ganeshayoga.es\/wp-content\/uploads\/2025\/04\/WhatsApp-Image-2025-04-09-at-01.13.57-4-600x338.jpeg 600w, https:\/\/ganeshayoga.es\/wp-content\/uploads\/2025\/04\/WhatsApp-Image-2025-04-09-at-01.13.57-4.jpeg 1600w\" sizes=\"(max-width: 800px) 100vw, 800px\" \/>\t\t\t\t\t\t\t\t\t\t\t\t\t\t\t<\/div>\n\t\t\t\t<\/div>\n\t\t\t\t<div class=\"elementor-element elementor-element-965b7f8 elementor-widget elementor-widget-text-editor\" data-id=\"965b7f8\" data-element_type=\"widget\" data-e-type=\"widget\" data-widget_type=\"text-editor.default\">\n\t\t\t\t<div class=\"elementor-widget-container\">\n\t\t\t\t\t\t\t\t\t<p><strong data-start=\"99\" data-end=\"140\">\u00a1Hola! Soy Vanesa, profesora de yoga.<\/strong><\/p><p class=\"\" data-start=\"126\" data-end=\"650\">En este blog comparto todo lo que me inspira y me transforma: la pr\u00e1ctica del yoga, su filosof\u00eda, el Ayurveda, la meditaci\u00f3n y el bienestar integral.<br data-start=\"395\" data-end=\"398\" \/>Escribo desde la experiencia y el coraz\u00f3n, con la intenci\u00f3n de acompa\u00f1arte a reconectar contigo mismo, vivir con m\u00e1s presencia y cultivar una vida m\u00e1s consciente, serena y aut\u00e9ntica.<br data-start=\"580\" data-end=\"583\" \/>Este es un espacio para crecer, compartir y volver a lo esencial.<\/p><p class=\"\" data-start=\"652\" data-end=\"679\"><strong data-start=\"652\" data-end=\"679\">Gracias por estar aqu\u00ed.<\/strong><\/p>\t\t\t\t\t\t\t\t<\/div>\n\t\t\t\t<\/div>\n\t\t\t\t<div class=\"elementor-element elementor-element-3bf4eec elementor-align-center elementor-widget elementor-widget-button\" data-id=\"3bf4eec\" data-element_type=\"widget\" data-e-type=\"widget\" data-widget_type=\"button.default\">\n\t\t\t\t<div class=\"elementor-widget-container\">\n\t\t\t\t\t\t\t\t\t<div class=\"elementor-button-wrapper\">\n\t\t\t\t\t<a class=\"elementor-button elementor-button-link elementor-size-sm\" href=\"https:\/\/ganeshayoga.es\/en\/sobre-mi\/\">\n\t\t\t\t\t\t<span class=\"elementor-button-content-wrapper\">\n\t\t\t\t\t\t\t\t\t<span class=\"elementor-button-text\">M\u00e1s sobre m\u00ed<\/span>\n\t\t\t\t\t<\/span>\n\t\t\t\t\t<\/a>\n\t\t\t\t<\/div>\n\t\t\t\t\t\t\t\t<\/div>\n\t\t\t\t<\/div>\n\t\t\t\t<\/section>\n\t\t\t\t\t<\/div>\n\t\t\t\t<\/div>\n\t\t<div class=\"elementor-element elementor-element-064c3e3 e-grid e-con-full e-con e-parent\" data-id=\"064c3e3\" data-element_type=\"container\" data-e-type=\"container\">\n\t\t\t\t<div class=\"elementor-element elementor-element-6ece656 elementor-grid-3 elementor-grid-tablet-2 elementor-grid-mobile-1 elementor-posts--thumbnail-top elementor-posts--show-avatar elementor-card-shadow-yes elementor-posts__hover-gradient elementor-widget elementor-widget-posts\" data-id=\"6ece656\" data-element_type=\"widget\" data-e-type=\"widget\" data-settings=\"{&quot;cards_columns&quot;:&quot;3&quot;,&quot;cards_columns_tablet&quot;:&quot;2&quot;,&quot;cards_columns_mobile&quot;:&quot;1&quot;,&quot;cards_row_gap&quot;:{&quot;unit&quot;:&quot;px&quot;,&quot;size&quot;:35,&quot;sizes&quot;:[]},&quot;cards_row_gap_tablet&quot;:{&quot;unit&quot;:&quot;px&quot;,&quot;size&quot;:&quot;&quot;,&quot;sizes&quot;:[]},&quot;cards_row_gap_mobile&quot;:{&quot;unit&quot;:&quot;px&quot;,&quot;size&quot;:&quot;&quot;,&quot;sizes&quot;:[]}}\" data-widget_type=\"posts.cards\">\n\t\t\t\t<div class=\"elementor-widget-container\">\n\t\t\t\t\t\t\t<div class=\"elementor-posts-container elementor-posts elementor-posts--skin-cards elementor-grid\" role=\"list\">\n\t\t\t\t<article class=\"elementor-post elementor-grid-item post-1360 post type-post status-publish format-standard has-post-thumbnail hentry category-yoga\" role=\"listitem\">\n\t\t\t<div class=\"elementor-post__card\">\n\t\t\t\t<a class=\"elementor-post__thumbnail__link\" href=\"https:\/\/ganeshayoga.es\/en\/yoga-online-conecta-cuerpo-mente-alma\/\" tabindex=\"-1\" ><div class=\"elementor-post__thumbnail\"><img decoding=\"async\" width=\"300\" height=\"200\" src=\"https:\/\/ganeshayoga.es\/wp-content\/uploads\/2026\/01\/ChatGPT-Image-13-ene-2026-15_51_05-300x200.png\" class=\"attachment-medium size-medium wp-image-1387\" alt=\"yoga desde casa\" srcset=\"https:\/\/ganeshayoga.es\/wp-content\/uploads\/2026\/01\/ChatGPT-Image-13-ene-2026-15_51_05-300x200.png 300w, https:\/\/ganeshayoga.es\/wp-content\/uploads\/2026\/01\/ChatGPT-Image-13-ene-2026-15_51_05-1024x683.png 1024w, https:\/\/ganeshayoga.es\/wp-content\/uploads\/2026\/01\/ChatGPT-Image-13-ene-2026-15_51_05-768x512.png 768w, https:\/\/ganeshayoga.es\/wp-content\/uploads\/2026\/01\/ChatGPT-Image-13-ene-2026-15_51_05-600x400.png 600w, https:\/\/ganeshayoga.es\/wp-content\/uploads\/2026\/01\/ChatGPT-Image-13-ene-2026-15_51_05.png 1536w\" sizes=\"(max-width: 300px) 100vw, 300px\" \/><\/div><\/a>\n\t\t\t\t<div class=\"elementor-post__badge\">Yoga<\/div>\n\t\t\t\t<div class=\"elementor-post__avatar\">\n\t\t\t<img alt='vanesarogero@gmail.com' src='https:\/\/secure.gravatar.com\/avatar\/10a0d6db2305c03e1a321c27618bb4800c06b3633d2be820db149e7b95ccee34?s=128&#038;d=mm&#038;r=g' srcset='https:\/\/secure.gravatar.com\/avatar\/10a0d6db2305c03e1a321c27618bb4800c06b3633d2be820db149e7b95ccee34?s=256&#038;d=mm&#038;r=g 2x' class='avatar avatar-128 photo' height='128' width='128' \/>\t\t<\/div>\n\t\t\t\t<div class=\"elementor-post__text\">\n\t\t\t\t<h3 class=\"elementor-post__title\">\n\t\t\t<a href=\"https:\/\/ganeshayoga.es\/en\/yoga-online-conecta-cuerpo-mente-alma\/\" >\n\t\t\t\tOnline Yoga: A Space to Connect Body, Mind, and Soul from Home\t\t\t<\/a>\n\t\t<\/h3>\n\t\t\t\t<div class=\"elementor-post__excerpt\">\n\t\t\t<p>Today, you don\u2019t need to leave home to practice yoga. Online yoga allows you to create your own space of calm and wellbeing, where body, mind, and breath can gently come together.<\/p>\n\t\t<\/div>\n\t\t\n\t\t<a class=\"elementor-post__read-more\" href=\"https:\/\/ganeshayoga.es\/en\/yoga-online-conecta-cuerpo-mente-alma\/\" aria-label=\"Read more about Yoga Online: Conecta Cuerpo, Mente y Alma desde Casa\" tabindex=\"-1\" >\n\t\t\tRead More \u00bb\t\t<\/a>\n\n\t\t\t\t<\/div>\n\t\t\t\t<div class=\"elementor-post__meta-data\">\n\t\t\t\t\t<span class=\"elementor-post-date\">\n\t\t\tJanuary 13, 2026\t\t<\/span>\n\t\t\t\t<\/div>\n\t\t\t\t\t<\/div>\n\t\t<\/article>\n\t\t\t\t<article class=\"elementor-post elementor-grid-item post-1274 post type-post status-publish format-standard has-post-thumbnail hentry category-yoga\" role=\"listitem\">\n\t\t\t<div class=\"elementor-post__card\">\n\t\t\t\t<a class=\"elementor-post__thumbnail__link\" href=\"https:\/\/ganeshayoga.es\/en\/estilos-de-yoga-hatha-yin-restaurativo\/\" tabindex=\"-1\" ><div class=\"elementor-post__thumbnail\"><img decoding=\"async\" width=\"300\" height=\"200\" src=\"https:\/\/ganeshayoga.es\/wp-content\/uploads\/2025\/11\/StockSnap_D0IN1NR473-300x200.jpg\" class=\"attachment-medium size-medium wp-image-1281\" alt=\"\" srcset=\"https:\/\/ganeshayoga.es\/wp-content\/uploads\/2025\/11\/StockSnap_D0IN1NR473-300x200.jpg 300w, https:\/\/ganeshayoga.es\/wp-content\/uploads\/2025\/11\/StockSnap_D0IN1NR473-1024x683.jpg 1024w, https:\/\/ganeshayoga.es\/wp-content\/uploads\/2025\/11\/StockSnap_D0IN1NR473-768x512.jpg 768w, https:\/\/ganeshayoga.es\/wp-content\/uploads\/2025\/11\/StockSnap_D0IN1NR473-1536x1024.jpg 1536w, https:\/\/ganeshayoga.es\/wp-content\/uploads\/2025\/11\/StockSnap_D0IN1NR473-2048x1365.jpg 2048w, https:\/\/ganeshayoga.es\/wp-content\/uploads\/2025\/11\/StockSnap_D0IN1NR473-600x400.jpg 600w\" sizes=\"(max-width: 300px) 100vw, 300px\" \/><\/div><\/a>\n\t\t\t\t<div class=\"elementor-post__badge\">Yoga<\/div>\n\t\t\t\t<div class=\"elementor-post__avatar\">\n\t\t\t<img alt='vanesarogero@gmail.com' src='https:\/\/secure.gravatar.com\/avatar\/10a0d6db2305c03e1a321c27618bb4800c06b3633d2be820db149e7b95ccee34?s=128&#038;d=mm&#038;r=g' srcset='https:\/\/secure.gravatar.com\/avatar\/10a0d6db2305c03e1a321c27618bb4800c06b3633d2be820db149e7b95ccee34?s=256&#038;d=mm&#038;r=g 2x' class='avatar avatar-128 photo' height='128' width='128' \/>\t\t<\/div>\n\t\t\t\t<div class=\"elementor-post__text\">\n\t\t\t\t<h3 class=\"elementor-post__title\">\n\t\t\t<a href=\"https:\/\/ganeshayoga.es\/en\/estilos-de-yoga-hatha-yin-restaurativo\/\" >\n\t\t\t\tHatha, Vinyasa, Yin, and Restorative Yoga: discover the differences and find your style\t\t\t<\/a>\n\t\t<\/h3>\n\t\t\t\t<div class=\"elementor-post__excerpt\">\n\t\t\t<p>Yoga styles: discover which one suits you best \u2014 Hatha, Vinyasa, Yin, and Restorative Yoga. Yoga styles are very diverse, and each one\u2026<\/p>\n\t\t<\/div>\n\t\t\n\t\t<a class=\"elementor-post__read-more\" href=\"https:\/\/ganeshayoga.es\/en\/estilos-de-yoga-hatha-yin-restaurativo\/\" aria-label=\"Read more about Diferencias entre Hatha, Vinyasa, Yin y Yoga Restaurativo: encuentra tu estilo de yoga\" tabindex=\"-1\" >\n\t\t\tRead More \u00bb\t\t<\/a>\n\n\t\t\t\t<\/div>\n\t\t\t\t<div class=\"elementor-post__meta-data\">\n\t\t\t\t\t<span class=\"elementor-post-date\">\n\t\t\tNovember 10, 2025\t\t<\/span>\n\t\t\t\t<\/div>\n\t\t\t\t\t<\/div>\n\t\t<\/article>\n\t\t\t\t<article class=\"elementor-post elementor-grid-item post-762 post type-post status-publish format-standard has-post-thumbnail hentry category-yoga\" role=\"listitem\">\n\t\t\t<div class=\"elementor-post__card\">\n\t\t\t\t<a class=\"elementor-post__thumbnail__link\" href=\"https:\/\/ganeshayoga.es\/en\/los-beneficios-del-yoga\/\" tabindex=\"-1\" ><div class=\"elementor-post__thumbnail\"><img loading=\"lazy\" decoding=\"async\" width=\"300\" height=\"225\" src=\"https:\/\/ganeshayoga.es\/wp-content\/uploads\/2025\/05\/wellness-955796_1280-300x225.jpg\" class=\"attachment-medium size-medium wp-image-764\" alt=\"beneficios del yoga\" srcset=\"https:\/\/ganeshayoga.es\/wp-content\/uploads\/2025\/05\/wellness-955796_1280-300x225.jpg 300w, https:\/\/ganeshayoga.es\/wp-content\/uploads\/2025\/05\/wellness-955796_1280-1024x768.jpg 1024w, https:\/\/ganeshayoga.es\/wp-content\/uploads\/2025\/05\/wellness-955796_1280-768x576.jpg 768w, https:\/\/ganeshayoga.es\/wp-content\/uploads\/2025\/05\/wellness-955796_1280-600x450.jpg 600w, https:\/\/ganeshayoga.es\/wp-content\/uploads\/2025\/05\/wellness-955796_1280.jpg 1280w\" sizes=\"(max-width: 300px) 100vw, 300px\" \/><\/div><\/a>\n\t\t\t\t<div class=\"elementor-post__badge\">Yoga<\/div>\n\t\t\t\t<div class=\"elementor-post__avatar\">\n\t\t\t<img alt='vanesarogero@gmail.com' src='https:\/\/secure.gravatar.com\/avatar\/10a0d6db2305c03e1a321c27618bb4800c06b3633d2be820db149e7b95ccee34?s=128&#038;d=mm&#038;r=g' srcset='https:\/\/secure.gravatar.com\/avatar\/10a0d6db2305c03e1a321c27618bb4800c06b3633d2be820db149e7b95ccee34?s=256&#038;d=mm&#038;r=g 2x' class='avatar avatar-128 photo' height='128' width='128' \/>\t\t<\/div>\n\t\t\t\t<div class=\"elementor-post__text\">\n\t\t\t\t<h3 class=\"elementor-post__title\">\n\t\t\t<a href=\"https:\/\/ganeshayoga.es\/en\/los-beneficios-del-yoga\/\" >\n\t\t\t\tThe benefits of yoga: much more than stretching\t\t\t<\/a>\n\t\t<\/h3>\n\t\t\t\t<div class=\"elementor-post__excerpt\">\n\t\t\t<p>Yoga as a path of transformation, wellbeing, and presence. Discover how yoga can gently transform your body, mind, and life beyond the physical practice<\/p>\n\t\t<\/div>\n\t\t\n\t\t<a class=\"elementor-post__read-more\" href=\"https:\/\/ganeshayoga.es\/en\/los-beneficios-del-yoga\/\" aria-label=\"Read more about Los beneficios del yoga: mucho m\u00e1s que estirarse\" tabindex=\"-1\" >\n\t\t\tRead More \u00bb\t\t<\/a>\n\n\t\t\t\t<\/div>\n\t\t\t\t<div class=\"elementor-post__meta-data\">\n\t\t\t\t\t<span class=\"elementor-post-date\">\n\t\t\tMay 2, 2025\t\t<\/span>\n\t\t\t\t<\/div>\n\t\t\t\t\t<\/div>\n\t\t<\/article>\n\t\t\t\t<article class=\"elementor-post elementor-grid-item post-699 post type-post status-publish format-standard has-post-thumbnail hentry category-yoga category-filosofia-del-yoga\" role=\"listitem\">\n\t\t\t<div class=\"elementor-post__card\">\n\t\t\t\t<a class=\"elementor-post__thumbnail__link\" href=\"https:\/\/ganeshayoga.es\/en\/que-es-el-yoga-sutras\/\" tabindex=\"-1\" ><div class=\"elementor-post__thumbnail\"><img loading=\"lazy\" decoding=\"async\" width=\"300\" height=\"200\" src=\"https:\/\/ganeshayoga.es\/wp-content\/uploads\/2025\/05\/pexels-pixabay-35600-300x200.jpg\" class=\"attachment-medium size-medium wp-image-701\" alt=\"\" srcset=\"https:\/\/ganeshayoga.es\/wp-content\/uploads\/2025\/05\/pexels-pixabay-35600-300x200.jpg 300w, https:\/\/ganeshayoga.es\/wp-content\/uploads\/2025\/05\/pexels-pixabay-35600-1024x683.jpg 1024w, https:\/\/ganeshayoga.es\/wp-content\/uploads\/2025\/05\/pexels-pixabay-35600-768x512.jpg 768w, https:\/\/ganeshayoga.es\/wp-content\/uploads\/2025\/05\/pexels-pixabay-35600-1536x1024.jpg 1536w, https:\/\/ganeshayoga.es\/wp-content\/uploads\/2025\/05\/pexels-pixabay-35600-2048x1365.jpg 2048w, https:\/\/ganeshayoga.es\/wp-content\/uploads\/2025\/05\/pexels-pixabay-35600-600x400.jpg 600w\" sizes=\"(max-width: 300px) 100vw, 300px\" \/><\/div><\/a>\n\t\t\t\t<div class=\"elementor-post__badge\">Yoga<\/div>\n\t\t\t\t<div class=\"elementor-post__avatar\">\n\t\t\t<img alt='vanesarogero@gmail.com' src='https:\/\/secure.gravatar.com\/avatar\/10a0d6db2305c03e1a321c27618bb4800c06b3633d2be820db149e7b95ccee34?s=128&#038;d=mm&#038;r=g' srcset='https:\/\/secure.gravatar.com\/avatar\/10a0d6db2305c03e1a321c27618bb4800c06b3633d2be820db149e7b95ccee34?s=256&#038;d=mm&#038;r=g 2x' class='avatar avatar-128 photo' height='128' width='128' \/>\t\t<\/div>\n\t\t\t\t<div class=\"elementor-post__text\">\n\t\t\t\t<h3 class=\"elementor-post__title\">\n\t\t\t<a href=\"https:\/\/ganeshayoga.es\/en\/que-es-el-yoga-sutras\/\" >\n\t\t\t\tWhat is Yoga?\t\t\t<\/a>\n\t\t<\/h3>\n\t\t\t\t<div class=\"elementor-post__excerpt\">\n\t\t\t<p>Patanjali defined yoga over two thousand years ago, and this spiritual, transformative vision has evolved into what we understand today as yoga.<\/p>\n\t\t<\/div>\n\t\t\n\t\t<a class=\"elementor-post__read-more\" href=\"https:\/\/ganeshayoga.es\/en\/que-es-el-yoga-sutras\/\" aria-label=\"Read more about \u00bfQu\u00e9 es el Yoga?\" tabindex=\"-1\" >\n\t\t\tRead More \u00bb\t\t<\/a>\n\n\t\t\t\t<\/div>\n\t\t\t\t<div class=\"elementor-post__meta-data\">\n\t\t\t\t\t<span class=\"elementor-post-date\">\n\t\t\tMay 2, 2025\t\t<\/span>\n\t\t\t\t<\/div>\n\t\t\t\t\t<\/div>\n\t\t<\/article>\n\t\t\t\t<article class=\"elementor-post elementor-grid-item post-657 post type-post status-publish format-standard has-post-thumbnail hentry category-espiritualidad\" role=\"listitem\">\n\t\t\t<div class=\"elementor-post__card\">\n\t\t\t\t<a class=\"elementor-post__thumbnail__link\" href=\"https:\/\/ganeshayoga.es\/en\/ganesha\/\" tabindex=\"-1\" ><div class=\"elementor-post__thumbnail\"><img loading=\"lazy\" decoding=\"async\" width=\"300\" height=\"207\" src=\"https:\/\/ganeshayoga.es\/wp-content\/uploads\/2025\/05\/ganesha-1853602_1920-300x207.jpg\" class=\"attachment-medium size-medium wp-image-664\" alt=\"Ganesha: el dios de la sabidur\u00eda, los comienzos y la superaci\u00f3n de obst\u00e1culos\" srcset=\"https:\/\/ganeshayoga.es\/wp-content\/uploads\/2025\/05\/ganesha-1853602_1920-300x207.jpg 300w, https:\/\/ganeshayoga.es\/wp-content\/uploads\/2025\/05\/ganesha-1853602_1920-1024x705.jpg 1024w, https:\/\/ganeshayoga.es\/wp-content\/uploads\/2025\/05\/ganesha-1853602_1920-768x529.jpg 768w, https:\/\/ganeshayoga.es\/wp-content\/uploads\/2025\/05\/ganesha-1853602_1920-1536x1058.jpg 1536w, https:\/\/ganeshayoga.es\/wp-content\/uploads\/2025\/05\/ganesha-1853602_1920-600x413.jpg 600w, https:\/\/ganeshayoga.es\/wp-content\/uploads\/2025\/05\/ganesha-1853602_1920.jpg 1920w\" sizes=\"(max-width: 300px) 100vw, 300px\" \/><\/div><\/a>\n\t\t\t\t<div class=\"elementor-post__badge\">Espiritualidad<\/div>\n\t\t\t\t<div class=\"elementor-post__avatar\">\n\t\t\t<img alt='vanesarogero@gmail.com' src='https:\/\/secure.gravatar.com\/avatar\/10a0d6db2305c03e1a321c27618bb4800c06b3633d2be820db149e7b95ccee34?s=128&#038;d=mm&#038;r=g' srcset='https:\/\/secure.gravatar.com\/avatar\/10a0d6db2305c03e1a321c27618bb4800c06b3633d2be820db149e7b95ccee34?s=256&#038;d=mm&#038;r=g 2x' class='avatar avatar-128 photo' height='128' width='128' \/>\t\t<\/div>\n\t\t\t\t<div class=\"elementor-post__text\">\n\t\t\t\t<h3 class=\"elementor-post__title\">\n\t\t\t<a href=\"https:\/\/ganeshayoga.es\/en\/ganesha\/\" >\n\t\t\t\t\u00bfQui\u00e9n es Ganesha?\t\t\t<\/a>\n\t\t<\/h3>\n\t\t\t\t<div class=\"elementor-post__excerpt\">\n\t\t\t<p>Descubre el simbolismo y la energ\u00eda de esta deidad hind\u00fa que nos invita, a eliminar obst\u00e1culos y comenzar nuevos caminos con sabidur\u00eda. \u00a0Ganesha no solo<\/p>\n\t\t<\/div>\n\t\t\n\t\t<a class=\"elementor-post__read-more\" href=\"https:\/\/ganeshayoga.es\/en\/ganesha\/\" aria-label=\"Read more about \u00bfQui\u00e9n es Ganesha?\" tabindex=\"-1\" >\n\t\t\tRead More \u00bb\t\t<\/a>\n\n\t\t\t\t<\/div>\n\t\t\t\t<div class=\"elementor-post__meta-data\">\n\t\t\t\t\t<span class=\"elementor-post-date\">\n\t\t\tMay 2, 2025\t\t<\/span>\n\t\t\t\t<\/div>\n\t\t\t\t\t<\/div>\n\t\t<\/article>\n\t\t\t\t<\/div>\n\t\t\n\t\t\t\t\t\t<\/div>\n\t\t\t\t<\/div>\n\t\t\t\t<\/div>\n\t\t\t\t<\/div>","protected":false},"excerpt":{"rendered":"<p>Blog de Yoga Respira y Conecta Un espacio creado con amor para que puedas volver a ti.Aqu\u00ed te invito a reconectar contigo misma a trav\u00e9s del yoga, la filosof\u00eda ancestral que lo sostiene, el Ayurveda como medicina del alma, y la sabidur\u00eda del bienestar consciente.Encontrar\u00e1s inspiraci\u00f3n para tu d\u00eda a d\u00eda, herramientas que te ayuden [&hellip;]<\/p>\n","protected":false},"author":1,"featured_media":0,"parent":0,"menu_order":0,"comment_status":"closed","ping_status":"closed","template":"","meta":{"_monsterinsights_skip_tracking":false,"_monsterinsights_sitenote_active":false,"_monsterinsights_sitenote_note":"","_monsterinsights_sitenote_category":0,"footnotes":""},"class_list":["post-723","page","type-page","status-publish","hentry"],"_links":{"self":[{"href":"https:\/\/ganeshayoga.es\/en\/wp-json\/wp\/v2\/pages\/723","targetHints":{"allow":["GET"]}}],"collection":[{"href":"https:\/\/ganeshayoga.es\/en\/wp-json\/wp\/v2\/pages"}],"about":[{"href":"https:\/\/ganeshayoga.es\/en\/wp-json\/wp\/v2\/types\/page"}],"author":[{"embeddable":true,"href":"https:\/\/ganeshayoga.es\/en\/wp-json\/wp\/v2\/users\/1"}],"replies":[{"embeddable":true,"href":"https:\/\/ganeshayoga.es\/en\/wp-json\/wp\/v2\/comments?post=723"}],"version-history":[{"count":33,"href":"https:\/\/ganeshayoga.es\/en\/wp-json\/wp\/v2\/pages\/723\/revisions"}],"predecessor-version":[{"id":1356,"href":"https:\/\/ganeshayoga.es\/en\/wp-json\/wp\/v2\/pages\/723\/revisions\/1356"}],"wp:attachment":[{"href":"https:\/\/ganeshayoga.es\/en\/wp-json\/wp\/v2\/media?parent=723"}],"curies":[{"name":"wp","href":"https:\/\/api.w.org\/{rel}","templated":true}]}}